{"id":3329,"date":"2024-07-21T12:26:13","date_gmt":"2024-07-21T11:26:13","guid":{"rendered":"https:\/\/munika.es\/index.php\/servicio-de-novias\/"},"modified":"2026-02-22T15:13:57","modified_gmt":"2026-02-22T14:13:57","slug":"servicio-de-novias","status":"publish","type":"page","link":"https:\/\/munika.es\/index.php\/servicio-de-novias\/","title":{"rendered":"Servicio de novias"},"content":{"rendered":"\t\t<div data-elementor-type=\"wp-page\" data-elementor-id=\"3329\" class=\"elementor elementor-3329\">\n\t\t\t\t<div class=\"elementor-element elementor-element-1d20940 e-con-full e-flex e-con e-parent\" data-id=\"1d20940\" data-element_type=\"container\">\n\t\t\t\t<div class=\"elementor-element elementor-element-d205749 elementor-widget elementor-widget-heading\" data-id=\"d205749\" data-element_type=\"widget\" data-widget_type=\"heading.default\">\n\t\t\t\t<div class=\"elementor-widget-container\">\n\t\t\t\t\t<h2 class=\"elementor-heading-title elementor-size-default\">\ud83d\udc8d Maquillaje y Peinado para Novias\n\nEspecialista en novias \u2013 Servicio personalizado a domicilio\n\nEn tu gran d\u00eda, cada detalle importa\u2026 y tu look no es uno m\u00e1s.\n\nEn Munika somos especialistas en maquillaje y peinado para novias, y lo vivimos con la misma emoci\u00f3n que t\u00fa. Nos desplazamos a domicilio, cuidamos cada minuto del proceso y te acompa\u00f1amos para que te sientas t\u00fa, pero m\u00e1s radiante que nunca.\n\nNuestro servicio es 100% personalizado: escuchamos, te aconsejamos y dise\u00f1amos juntas el look que mejor encaje contigo, con tu vestido, tu estilo y tu esencia.\n\n\u2e3b\n\n\u2728 \u00bfQui\u00e9n est\u00e1 detr\u00e1s?\n\nSoy Anie, maquilladora profesional especializada en novias y fundadora de Munika.\nMi pasi\u00f3n es acompa\u00f1ar a mujeres en uno de los d\u00edas m\u00e1s importantes de su vida.\nTrabajo con mimo, t\u00e9cnica y un enfoque muy humano. Porque m\u00e1s all\u00e1 de un maquillaje bonito, busco que te mires al espejo y digas: \u201cAs\u00ed me imaginaba en mi boda\u201d.<\/h2>\t\t\t\t<\/div>\n\t\t\t\t<\/div>\n\t\t\t\t<div class=\"elementor-element elementor-element-fcfed22 elementor-widget elementor-widget-image\" data-id=\"fcfed22\" data-element_type=\"widget\" data-widget_type=\"image.default\">\n\t\t\t\t<div class=\"elementor-widget-container\">\n\t\t\t\t\t\t\t\t\t\t\t\t\t\t\t\t<a href=\"https:\/\/www.bodas.net\/belleza-novias\/munika--e251821\">\n\t\t\t\t\t\t\t<img decoding=\"async\" width=\"250\" height=\"73\" src=\"https:\/\/munika.es\/wp-content\/uploads\/2024\/08\/seal_bodas_es_ES.png\" class=\"attachment-medium size-medium wp-image-3444\" alt=\"\" \/>\t\t\t\t\t\t\t\t<\/a>\n\t\t\t\t\t\t\t\t\t\t\t\t\t\t\t<\/div>\n\t\t\t\t<\/div>\n\t\t\t\t<div class=\"elementor-element elementor-element-2507bb2 elementor-widget elementor-widget-heading\" data-id=\"2507bb2\" data-element_type=\"widget\" data-widget_type=\"heading.default\">\n\t\t\t\t<div class=\"elementor-widget-container\">\n\t\t\t\t\t<h2 class=\"elementor-heading-title elementor-size-default\">\ud83d\udc84 \u00bfQu\u00e9 incluye nuestro servicio para novias?\n\t\u2022\tPrueba de maquillaje y peinado antes de la boda\n\t\u2022\tAsesor\u00eda personalizada de estilo e imagen\n\t\u2022\tDesplazamiento a domicilio el d\u00eda del evento\n\t\u2022\tPreparaci\u00f3n del rostro y cabello para una fijaci\u00f3n perfecta\n\t\u2022\tMaquillaje profesional de larga duraci\u00f3n\n\t\u2022\tPeinado adaptado a tu estilo, vestido y tocado\n\t\u2022\tOpci\u00f3n de acompa\u00f1amiento para retoques (servicio extra)\n\n\u2e3b\n\n\ud83d\udc6d Para bodas grandes o \u00edntimas\n\nTanto si es una boda \u00edntima como una celebraci\u00f3n masiva, est\u00e1s en buenas manos.\nContamos con un equipo profesional capaz de peinar y maquillar a invitadas, damas, madres, hermanas\u2026 sin perder calidad, mimo ni detalle.\n\n\u2e3b\n\n\ud83d\udcf8 Novias reales, momentos reales\n\n\n<\/h2>\t\t\t\t<\/div>\n\t\t\t\t<\/div>\n\t\t\t\t<\/div>\n\t\t<div class=\"elementor-element elementor-element-6bdd44c e-flex e-con-boxed e-con e-parent\" data-id=\"6bdd44c\" data-element_type=\"container\">\n\t\t\t\t\t<div class=\"e-con-inner\">\n\t\t\t\t<div class=\"elementor-element elementor-element-85f86af elementor-widget elementor-widget-image\" data-id=\"85f86af\" data-element_type=\"widget\" data-widget_type=\"image.default\">\n\t\t\t\t<div class=\"elementor-widget-container\">\n\t\t\t\t\t\t\t\t\t\t\t\t\t\t\t<img fetchpriority=\"high\" decoding=\"async\" width=\"768\" height=\"1152\" src=\"https:\/\/munika.es\/wp-content\/uploads\/2025\/09\/bfd65b8b-c0ac-400c-87bb-9c6cfeaeea87-768x1152.jpg\" class=\"attachment-medium_large size-medium_large wp-image-4111\" alt=\"\" srcset=\"https:\/\/munika.es\/wp-content\/uploads\/2025\/09\/bfd65b8b-c0ac-400c-87bb-9c6cfeaeea87-768x1152.jpg 768w, https:\/\/munika.es\/wp-content\/uploads\/2025\/09\/bfd65b8b-c0ac-400c-87bb-9c6cfeaeea87-200x300.jpg 200w, https:\/\/munika.es\/wp-content\/uploads\/2025\/09\/bfd65b8b-c0ac-400c-87bb-9c6cfeaeea87-683x1024.jpg 683w, https:\/\/munika.es\/wp-content\/uploads\/2025\/09\/bfd65b8b-c0ac-400c-87bb-9c6cfeaeea87-1024x1536.jpg 1024w, https:\/\/munika.es\/wp-content\/uploads\/2025\/09\/bfd65b8b-c0ac-400c-87bb-9c6cfeaeea87-1366x2048.jpg 1366w, https:\/\/munika.es\/wp-content\/uploads\/2025\/09\/bfd65b8b-c0ac-400c-87bb-9c6cfeaeea87-1320x1980.jpg 1320w, https:\/\/munika.es\/wp-content\/uploads\/2025\/09\/bfd65b8b-c0ac-400c-87bb-9c6cfeaeea87-600x900.jpg 600w, https:\/\/munika.es\/wp-content\/uploads\/2025\/09\/bfd65b8b-c0ac-400c-87bb-9c6cfeaeea87-scaled.jpg 1707w\" sizes=\"(max-width: 768px) 100vw, 768px\" \/>\t\t\t\t\t\t\t\t\t\t\t\t\t\t\t<\/div>\n\t\t\t\t<\/div>\n\t\t\t\t<div class=\"elementor-element elementor-element-1cd41e5 elementor-widget elementor-widget-text-editor\" data-id=\"1cd41e5\" data-element_type=\"widget\" data-widget_type=\"text-editor.default\">\n\t\t\t\t<div class=\"elementor-widget-container\">\n\t\t\t\t\t\t\t\t\t<p>.<\/p>\t\t\t\t\t\t\t\t<\/div>\n\t\t\t\t<\/div>\n\t\t\t\t\t<\/div>\n\t\t\t\t<\/div>\n\t\t<div class=\"elementor-element elementor-element-aa6fded e-con-full e-flex e-con e-parent\" data-id=\"aa6fded\" data-element_type=\"container\">\n\t\t\t\t<div class=\"elementor-element elementor-element-667e3cb elementor-widget elementor-widget-heading\" data-id=\"667e3cb\" data-element_type=\"widget\" data-widget_type=\"heading.default\">\n\t\t\t\t<div class=\"elementor-widget-container\">\n\t\t\t\t\t<h2 class=\"elementor-heading-title elementor-size-default\">\ud83d\udcac Lo que dicen nuestras novias\n\n\u201cAnie me hizo sentir preciosa, pero sobre todo, tranquila. Supo entender lo que quer\u00eda desde el primer momento. Gracias por tanto cari\u00f1o y profesionalidad.\u201d \u2013 Laura G.\n\n\u201cMe maquillaron y peinaron a m\u00ed y a mis 6 amigas. Todo perfecto, puntuales, r\u00e1pidas, y el resultado\u2026 espectacular. Repetir\u00eda sin dudar.\u201d \u2013 Paula M.\n\n\u2e3b\n\n\u2728 \u00bfTe casas?\n\nCu\u00e9ntame c\u00f3mo ser\u00e1 tu d\u00eda y empecemos a dise\u00f1ar tu look.\n[Escr\u00edbeme para m\u00e1s informaci\u00f3n o para reservar tu prueba]<\/h2>\t\t\t\t<\/div>\n\t\t\t\t<\/div>\n\t\t\t\t<div class=\"elementor-element elementor-element-af5b214 elementor-widget elementor-widget-button\" data-id=\"af5b214\" data-element_type=\"widget\" data-widget_type=\"button.default\">\n\t\t\t\t<div class=\"elementor-widget-container\">\n\t\t\t\t\t\t\t\t\t<div class=\"elementor-button-wrapper\">\n\t\t\t\t\t<a class=\"elementor-button elementor-button-link elementor-size-sm\" href=\"\">\n\t\t\t\t\t\t<span class=\"elementor-button-content-wrapper\">\n\t\t\t\t\t\t\t\t\t<span class=\"elementor-button-text\">Haz clic aqu\u00ed<\/span>\n\t\t\t\t\t<\/span>\n\t\t\t\t\t<\/a>\n\t\t\t\t<\/div>\n\t\t\t\t\t\t\t\t<\/div>\n\t\t\t\t<\/div>\n\t\t\t\t<div class=\"elementor-element elementor-element-9cba168 elementor-widget elementor-widget-heading\" data-id=\"9cba168\" data-element_type=\"widget\" data-widget_type=\"heading.default\">\n\t\t\t\t<div class=\"elementor-widget-container\">\n\t\t\t\t\t<h2 class=\"elementor-heading-title elementor-size-default\">A lo largo de mi trayectoria, he tenido la suerte de maquillar a novias de todo tipo, desde mujeres que buscaban un look sencillo y natural hasta novias de alto nivel, con producciones grandes y exigentes.\nTambi\u00e9n he trabajado con modelos, actrices y cantantes en videoclips, editoriales y rodajes, lo que me ha dado una visi\u00f3n muy completa y t\u00e9cnica del maquillaje en diferentes contextos.\nEsa experiencia me permite adaptarme a cualquier estilo, tipo de piel y necesidad, siempre con el mismo objetivo: sacar lo mejor de cada persona, con naturalidad, elegancia y un toque de emoci\u00f3n.<\/h2>\t\t\t\t<\/div>\n\t\t\t\t<\/div>\n\t\t\t\t<div class=\"elementor-element elementor-element-84e1440 elementor-widget elementor-widget-button\" data-id=\"84e1440\" data-element_type=\"widget\" data-widget_type=\"button.default\">\n\t\t\t\t<div class=\"elementor-widget-container\">\n\t\t\t\t\t\t\t\t\t<div class=\"elementor-button-wrapper\">\n\t\t\t\t\t<a class=\"elementor-button elementor-button-link elementor-size-sm\" href=\"https:\/\/drive.google.com\/file\/d\/1i2ENwJzuKPLaMkQHliNcloi1FVUfaRrk\/view?usp=drivesdk\">\n\t\t\t\t\t\t<span class=\"elementor-button-content-wrapper\">\n\t\t\t\t\t\t\t\t\t<span class=\"elementor-button-text\">Pack de novia munika informacion y precios<\/span>\n\t\t\t\t\t<\/span>\n\t\t\t\t\t<\/a>\n\t\t\t\t<\/div>\n\t\t\t\t\t\t\t\t<\/div>\n\t\t\t\t<\/div>\n\t\t\t\t<div class=\"elementor-element elementor-element-bd795ca elementor-widget elementor-widget-heading\" data-id=\"bd795ca\" data-element_type=\"widget\" data-widget_type=\"heading.default\">\n\t\t\t\t<div class=\"elementor-widget-container\">\n\t\t\t\t\t<h2 class=\"elementor-heading-title elementor-size-default\">Para m\u00ed, este trabajo no es solo un servicio: es vocaci\u00f3n, dedicaci\u00f3n y amor por los detalles. Me entrego al 100% en cada boda, cuidando cada paso, cada gesto, cada mirada en el espejo.\n\nMe encanta acompa\u00f1ar a mujeres en este momento tan especial. Escucharte, entender lo que sue\u00f1as y convertirlo en realidad con calma, cari\u00f1o y profesionalidad.\nSi buscas a alguien que no solo te maquille, sino que te haga sentir tranquila, segura y preciosa, aqu\u00ed estoy.\n\nSoy esa hada madrina moderna que llega con pinceles, ondas suaves y mucho coraz\u00f3n para ayudarte a brillar\u2026 exactamente como t\u00fa lo imaginabas.\n<\/h2>\t\t\t\t<\/div>\n\t\t\t\t<\/div>\n\t\t\t\t<\/div>\n\t\t<div class=\"elementor-element elementor-element-8e63565 e-flex e-con-boxed e-con e-parent\" data-id=\"8e63565\" data-element_type=\"container\">\n\t\t\t\t\t<div class=\"e-con-inner\">\n\t\t\t\t<div class=\"elementor-element elementor-element-69400dc elementor-widget elementor-widget-video\" data-id=\"69400dc\" data-element_type=\"widget\" data-settings=\"{&quot;youtube_url&quot;:&quot;https:\\\/\\\/youtu.be\\\/5mSUW0CoOt0&quot;,&quot;video_type&quot;:&quot;youtube&quot;,&quot;controls&quot;:&quot;yes&quot;}\" data-widget_type=\"video.default\">\n\t\t\t\t<div class=\"elementor-widget-container\">\n\t\t\t\t\t\t\t<div class=\"elementor-wrapper elementor-open-inline\">\n\t\t\t<div class=\"elementor-video\"><\/div>\t\t<\/div>\n\t\t\t\t\t\t<\/div>\n\t\t\t\t<\/div>\n\t\t\t\t\t<\/div>\n\t\t\t\t<\/div>\n\t\t\t\t<\/div>\n\t\t","protected":false},"excerpt":{"rendered":"<p>\ud83d\udc8d Maquillaje y Peinado para Novias Especialista en novias \u2013 Servicio personalizado a domicilio En tu gran d\u00eda, cada detalle importa\u2026 y tu look no es uno m\u00e1s. En Munika somos especialistas en maquillaje y peinado para novias, y lo vivimos con la misma emoci\u00f3n que t\u00fa. Nos desplazamos a domicilio, cuidamos cada minuto del [&hellip;]<\/p>\n","protected":false},"author":1,"featured_media":0,"parent":0,"menu_order":0,"comment_status":"closed","ping_status":"closed","template":"","meta":{"site-sidebar-layout":"default","site-content-layout":"","ast-site-content-layout":"default","site-content-style":"default","site-sidebar-style":"default","ast-global-header-display":"","ast-banner-title-visibility":"","ast-main-header-display":"","ast-hfb-above-header-display":"","ast-hfb-below-header-display":"","ast-hfb-mobile-header-display":"","site-post-title":"","ast-breadcrumbs-content":"","ast-featured-img":"","footer-sml-layout":"","ast-disable-related-posts":"","theme-transparent-header-meta":"","adv-header-id-meta":"","stick-header-meta":"","header-above-stick-meta":"","header-main-stick-meta":"","header-below-stick-meta":"","astra-migrate-meta-layouts":"set","ast-page-background-enabled":"default","ast-page-background-meta":{"desktop":{"background-color":"","background-image":"","background-repeat":"repeat","background-position":"center center","background-size":"auto","background-attachment":"scroll","background-type":"","background-media":"","overlay-type":"","overlay-color":"","overlay-opacity":"","overlay-gradient":""},"tablet":{"background-color":"","background-image":"","background-repeat":"repeat","background-position":"center center","background-size":"auto","background-attachment":"scroll","background-type":"","background-media":"","overlay-type":"","overlay-color":"","overlay-opacity":"","overlay-gradient":""},"mobile":{"background-color":"","background-image":"","background-repeat":"repeat","background-position":"center center","background-size":"auto","background-attachment":"scroll","background-type":"","background-media":"","overlay-type":"","overlay-color":"","overlay-opacity":"","overlay-gradient":""}},"ast-content-background-meta":{"desktop":{"background-color":"var(--ast-global-color-5)","background-image":"","background-repeat":"repeat","background-position":"center center","background-size":"auto","background-attachment":"scroll","background-type":"","background-media":"","overlay-type":"","overlay-color":"","overlay-opacity":"","overlay-gradient":""},"tablet":{"background-color":"var(--ast-global-color-5)","background-image":"","background-repeat":"repeat","background-position":"center center","background-size":"auto","background-attachment":"scroll","background-type":"","background-media":"","overlay-type":"","overlay-color":"","overlay-opacity":"","overlay-gradient":""},"mobile":{"background-color":"var(--ast-global-color-5)","background-image":"","background-repeat":"repeat","background-position":"center center","background-size":"auto","background-attachment":"scroll","background-type":"","background-media":"","overlay-type":"","overlay-color":"","overlay-opacity":"","overlay-gradient":""}},"footnotes":""},"class_list":["post-3329","page","type-page","status-publish","hentry"],"yoast_head":"<!-- This site is optimized with the Yoast SEO plugin v24.2 - https:\/\/yoast.com\/wordpress\/plugins\/seo\/ -->\n<title>Servicio de novias - Munika maquillaje y peinado novias boda<\/title>\n<meta name=\"description\" content=\"maquillaje y peinado para novias, luce radiante en tu d\u00eda especial. Servicios personalizados de maquillaje y peinado. Reserva ahora!\" \/>\n<meta name=\"robots\" content=\"index, follow, max-snippet:-1, max-image-preview:large, max-video-preview:-1\" \/>\n<link rel=\"canonical\" href=\"https:\/\/munika.es\/index.php\/servicio-de-novias\/\" \/>\n<meta property=\"og:locale\" content=\"es_ES\" \/>\n<meta property=\"og:type\" content=\"article\" \/>\n<meta property=\"og:title\" content=\"Servicio de novias - Munika maquillaje y peinado novias boda\" \/>\n<meta property=\"og:description\" content=\"maquillaje y peinado para novias, luce radiante en tu d\u00eda especial. Servicios personalizados de maquillaje y peinado. Reserva ahora!\" \/>\n<meta property=\"og:url\" content=\"https:\/\/munika.es\/index.php\/servicio-de-novias\/\" \/>\n<meta property=\"og:site_name\" content=\"Munika\" \/>\n<meta property=\"article:publisher\" content=\"https:\/\/www.instagram.com\/munika.tarragona\/\" \/>\n<meta property=\"article:modified_time\" content=\"2026-02-22T14:13:57+00:00\" \/>\n<meta property=\"og:image\" content=\"https:\/\/munika.es\/wp-content\/uploads\/2024\/08\/seal_bodas_es_ES.png\" \/>\n\t<meta property=\"og:image:width\" content=\"250\" \/>\n\t<meta property=\"og:image:height\" content=\"73\" \/>\n\t<meta property=\"og:image:type\" content=\"image\/png\" \/>\n<meta name=\"twitter:card\" content=\"summary_large_image\" \/>\n<meta name=\"twitter:label1\" content=\"Tiempo de lectura\" \/>\n\t<meta name=\"twitter:data1\" content=\"3 minutos\" \/>\n<script type=\"application\/ld+json\" class=\"yoast-schema-graph\">{\"@context\":\"https:\/\/schema.org\",\"@graph\":[{\"@type\":\"WebPage\",\"@id\":\"https:\/\/munika.es\/index.php\/servicio-de-novias\/\",\"url\":\"https:\/\/munika.es\/index.php\/servicio-de-novias\/\",\"name\":\"Servicio de novias - Munika maquillaje y peinado novias boda\",\"isPartOf\":{\"@id\":\"https:\/\/munika.es\/#website\"},\"primaryImageOfPage\":{\"@id\":\"https:\/\/munika.es\/index.php\/servicio-de-novias\/#primaryimage\"},\"image\":{\"@id\":\"https:\/\/munika.es\/index.php\/servicio-de-novias\/#primaryimage\"},\"thumbnailUrl\":\"https:\/\/munika.es\/wp-content\/uploads\/2024\/08\/seal_bodas_es_ES.png\",\"datePublished\":\"2024-07-21T11:26:13+00:00\",\"dateModified\":\"2026-02-22T14:13:57+00:00\",\"description\":\"maquillaje y peinado para novias, luce radiante en tu d\u00eda especial. Servicios personalizados de maquillaje y peinado. Reserva ahora!\",\"breadcrumb\":{\"@id\":\"https:\/\/munika.es\/index.php\/servicio-de-novias\/#breadcrumb\"},\"inLanguage\":\"es\",\"potentialAction\":[{\"@type\":\"ReadAction\",\"target\":[\"https:\/\/munika.es\/index.php\/servicio-de-novias\/\"]}]},{\"@type\":\"ImageObject\",\"inLanguage\":\"es\",\"@id\":\"https:\/\/munika.es\/index.php\/servicio-de-novias\/#primaryimage\",\"url\":\"https:\/\/munika.es\/wp-content\/uploads\/2024\/08\/seal_bodas_es_ES.png\",\"contentUrl\":\"https:\/\/munika.es\/wp-content\/uploads\/2024\/08\/seal_bodas_es_ES.png\",\"width\":250,\"height\":73},{\"@type\":\"BreadcrumbList\",\"@id\":\"https:\/\/munika.es\/index.php\/servicio-de-novias\/#breadcrumb\",\"itemListElement\":[{\"@type\":\"ListItem\",\"position\":1,\"name\":\"Portada\",\"item\":\"https:\/\/munika.es\/\"},{\"@type\":\"ListItem\",\"position\":2,\"name\":\"Servicio de novias\"}]},{\"@type\":\"WebSite\",\"@id\":\"https:\/\/munika.es\/#website\",\"url\":\"https:\/\/munika.es\/\",\"name\":\"Munika\",\"description\":\"\",\"publisher\":{\"@id\":\"https:\/\/munika.es\/#organization\"},\"potentialAction\":[{\"@type\":\"SearchAction\",\"target\":{\"@type\":\"EntryPoint\",\"urlTemplate\":\"https:\/\/munika.es\/?s={search_term_string}\"},\"query-input\":{\"@type\":\"PropertyValueSpecification\",\"valueRequired\":true,\"valueName\":\"search_term_string\"}}],\"inLanguage\":\"es\"},{\"@type\":\"Organization\",\"@id\":\"https:\/\/munika.es\/#organization\",\"name\":\"Munika\",\"url\":\"https:\/\/munika.es\/\",\"logo\":{\"@type\":\"ImageObject\",\"inLanguage\":\"es\",\"@id\":\"https:\/\/munika.es\/#\/schema\/logo\/image\/\",\"url\":\"https:\/\/munika.es\/wp-content\/uploads\/2023\/11\/IMG_3229.png\",\"contentUrl\":\"https:\/\/munika.es\/wp-content\/uploads\/2023\/11\/IMG_3229.png\",\"width\":3500,\"height\":1849,\"caption\":\"Munika\"},\"image\":{\"@id\":\"https:\/\/munika.es\/#\/schema\/logo\/image\/\"},\"sameAs\":[\"https:\/\/www.instagram.com\/munika.tarragona\/\",\"https:\/\/www.tiktok.com\/@munika.tgn\"]}]}<\/script>\n<!-- \/ Yoast SEO plugin. -->","yoast_head_json":{"title":"Servicio de novias - Munika maquillaje y peinado novias boda","description":"maquillaje y peinado para novias, luce radiante en tu d\u00eda especial. Servicios personalizados de maquillaje y peinado. Reserva ahora!","robots":{"index":"index","follow":"follow","max-snippet":"max-snippet:-1","max-image-preview":"max-image-preview:large","max-video-preview":"max-video-preview:-1"},"canonical":"https:\/\/munika.es\/index.php\/servicio-de-novias\/","og_locale":"es_ES","og_type":"article","og_title":"Servicio de novias - Munika maquillaje y peinado novias boda","og_description":"maquillaje y peinado para novias, luce radiante en tu d\u00eda especial. Servicios personalizados de maquillaje y peinado. Reserva ahora!","og_url":"https:\/\/munika.es\/index.php\/servicio-de-novias\/","og_site_name":"Munika","article_publisher":"https:\/\/www.instagram.com\/munika.tarragona\/","article_modified_time":"2026-02-22T14:13:57+00:00","og_image":[{"width":250,"height":73,"url":"https:\/\/munika.es\/wp-content\/uploads\/2024\/08\/seal_bodas_es_ES.png","type":"image\/png"}],"twitter_card":"summary_large_image","twitter_misc":{"Tiempo de lectura":"3 minutos"},"schema":{"@context":"https:\/\/schema.org","@graph":[{"@type":"WebPage","@id":"https:\/\/munika.es\/index.php\/servicio-de-novias\/","url":"https:\/\/munika.es\/index.php\/servicio-de-novias\/","name":"Servicio de novias - Munika maquillaje y peinado novias boda","isPartOf":{"@id":"https:\/\/munika.es\/#website"},"primaryImageOfPage":{"@id":"https:\/\/munika.es\/index.php\/servicio-de-novias\/#primaryimage"},"image":{"@id":"https:\/\/munika.es\/index.php\/servicio-de-novias\/#primaryimage"},"thumbnailUrl":"https:\/\/munika.es\/wp-content\/uploads\/2024\/08\/seal_bodas_es_ES.png","datePublished":"2024-07-21T11:26:13+00:00","dateModified":"2026-02-22T14:13:57+00:00","description":"maquillaje y peinado para novias, luce radiante en tu d\u00eda especial. Servicios personalizados de maquillaje y peinado. Reserva ahora!","breadcrumb":{"@id":"https:\/\/munika.es\/index.php\/servicio-de-novias\/#breadcrumb"},"inLanguage":"es","potentialAction":[{"@type":"ReadAction","target":["https:\/\/munika.es\/index.php\/servicio-de-novias\/"]}]},{"@type":"ImageObject","inLanguage":"es","@id":"https:\/\/munika.es\/index.php\/servicio-de-novias\/#primaryimage","url":"https:\/\/munika.es\/wp-content\/uploads\/2024\/08\/seal_bodas_es_ES.png","contentUrl":"https:\/\/munika.es\/wp-content\/uploads\/2024\/08\/seal_bodas_es_ES.png","width":250,"height":73},{"@type":"BreadcrumbList","@id":"https:\/\/munika.es\/index.php\/servicio-de-novias\/#breadcrumb","itemListElement":[{"@type":"ListItem","position":1,"name":"Portada","item":"https:\/\/munika.es\/"},{"@type":"ListItem","position":2,"name":"Servicio de novias"}]},{"@type":"WebSite","@id":"https:\/\/munika.es\/#website","url":"https:\/\/munika.es\/","name":"Munika","description":"","publisher":{"@id":"https:\/\/munika.es\/#organization"},"potentialAction":[{"@type":"SearchAction","target":{"@type":"EntryPoint","urlTemplate":"https:\/\/munika.es\/?s={search_term_string}"},"query-input":{"@type":"PropertyValueSpecification","valueRequired":true,"valueName":"search_term_string"}}],"inLanguage":"es"},{"@type":"Organization","@id":"https:\/\/munika.es\/#organization","name":"Munika","url":"https:\/\/munika.es\/","logo":{"@type":"ImageObject","inLanguage":"es","@id":"https:\/\/munika.es\/#\/schema\/logo\/image\/","url":"https:\/\/munika.es\/wp-content\/uploads\/2023\/11\/IMG_3229.png","contentUrl":"https:\/\/munika.es\/wp-content\/uploads\/2023\/11\/IMG_3229.png","width":3500,"height":1849,"caption":"Munika"},"image":{"@id":"https:\/\/munika.es\/#\/schema\/logo\/image\/"},"sameAs":["https:\/\/www.instagram.com\/munika.tarragona\/","https:\/\/www.tiktok.com\/@munika.tgn"]}]}},"jetpack_sharing_enabled":true,"_links":{"self":[{"href":"https:\/\/munika.es\/index.php\/wp-json\/wp\/v2\/pages\/3329","targetHints":{"allow":["GET"]}}],"collection":[{"href":"https:\/\/munika.es\/index.php\/wp-json\/wp\/v2\/pages"}],"about":[{"href":"https:\/\/munika.es\/index.php\/wp-json\/wp\/v2\/types\/page"}],"author":[{"embeddable":true,"href":"https:\/\/munika.es\/index.php\/wp-json\/wp\/v2\/users\/1"}],"replies":[{"embeddable":true,"href":"https:\/\/munika.es\/index.php\/wp-json\/wp\/v2\/comments?post=3329"}],"version-history":[{"count":45,"href":"https:\/\/munika.es\/index.php\/wp-json\/wp\/v2\/pages\/3329\/revisions"}],"predecessor-version":[{"id":4257,"href":"https:\/\/munika.es\/index.php\/wp-json\/wp\/v2\/pages\/3329\/revisions\/4257"}],"wp:attachment":[{"href":"https:\/\/munika.es\/index.php\/wp-json\/wp\/v2\/media?parent=3329"}],"curies":[{"name":"wp","href":"https:\/\/api.w.org\/{rel}","templated":true}]}}