{"id":3452,"date":"2024-08-16T23:53:27","date_gmt":"2024-08-16T22:53:27","guid":{"rendered":"https:\/\/munika.es\/index.php\/franquicias\/"},"modified":"2025-12-08T14:37:05","modified_gmt":"2025-12-08T13:37:05","slug":"opiniones","status":"publish","type":"page","link":"https:\/\/munika.es\/index.php\/opiniones\/","title":{"rendered":"Opiniones"},"content":{"rendered":"\t\t<div data-elementor-type=\"wp-page\" data-elementor-id=\"3452\" class=\"elementor elementor-3452\">\n\t\t\t\t<div class=\"elementor-element elementor-element-1b613af8 e-flex e-con-boxed e-con e-parent\" data-id=\"1b613af8\" data-element_type=\"container\">\n\t\t\t\t\t<div class=\"e-con-inner\">\n\t\t\t\t<div class=\"elementor-element elementor-element-2ae1e3d2 elementor-widget elementor-widget-text-editor\" data-id=\"2ae1e3d2\" data-element_type=\"widget\" data-widget_type=\"text-editor.default\">\n\t\t\t\t<div class=\"elementor-widget-container\">\n\t\t\t\t\t\t\t\t\t<h3 class=\"wp-block-heading\">Nos encanta cuidar de cada persona que nos visita.<\/h3>\n<p><!-- \/wp:heading --><!-- wp:paragraph --><!-- \/wp:paragraph --><!-- wp:wpforms\/form-selector {\"clientId\":\"01ec7063-f291-4ab9-b94d-0d7cbe1b7594\",\"formId\":\"23\",\"copyPasteJsonValue\":\"{\\u0022displayTitle\\u0022:false,\\u0022displayDesc\\u0022:false,\\u0022theme\\u0022:\\u0022default\\u0022,\\u0022themeName\\u0022:\\u0022\\u0022,\\u0022fieldSize\\u0022:\\u0022medium\\u0022,\\u0022backgroundImage\\u0022:\\u0022none\\u0022,\\u0022backgroundPosition\\u0022:\\u0022center center\\u0022,\\u0022backgroundRepeat\\u0022:\\u0022no-repeat\\u0022,\\u0022backgroundSizeMode\\u0022:\\u0022cover\\u0022,\\u0022backgroundSize\\u0022:\\u0022cover\\u0022,\\u0022backgroundWidth\\u0022:\\u0022100px\\u0022,\\u0022backgroundHeight\\u0022:\\u0022100px\\u0022,\\u0022backgroundUrl\\u0022:\\u0022url()\\u0022,\\u0022backgroundColor\\u0022:\\u0022rgba( 0, 0, 0, 0 )\\u0022,\\u0022fieldBorderRadius\\u0022:\\u00223px\\u0022,\\u0022fieldBorderStyle\\u0022:\\u0022solid\\u0022,\\u0022fieldBorderSize\\u0022:\\u00221px\\u0022,\\u0022fieldBackgroundColor\\u0022:\\u0022#ffffff\\u0022,\\u0022fieldBorderColor\\u0022:\\u0022rgba( 0, 0, 0, 0.25 )\\u0022,\\u0022fieldTextColor\\u0022:\\u0022rgba( 0, 0, 0, 0.7 )\\u0022,\\u0022fieldMenuColor\\u0022:\\u0022#ffffff\\u0022,\\u0022labelSize\\u0022:\\u0022medium\\u0022,\\u0022labelColor\\u0022:\\u0022rgba( 0, 0, 0, 0.85 )\\u0022,\\u0022labelSublabelColor\\u0022:\\u0022rgba( 0, 0, 0, 0.55 )\\u0022,\\u0022labelErrorColor\\u0022:\\u0022#d63637\\u0022,\\u0022buttonSize\\u0022:\\u0022medium\\u0022,\\u0022buttonBorderStyle\\u0022:\\u0022none\\u0022,\\u0022buttonBorderSize\\u0022:\\u00221px\\u0022,\\u0022buttonBorderRadius\\u0022:\\u00223px\\u0022,\\u0022buttonBackgroundColor\\u0022:\\u0022#066aab\\u0022,\\u0022buttonTextColor\\u0022:\\u0022#ffffff\\u0022,\\u0022buttonBorderColor\\u0022:\\u0022#066aab\\u0022,\\u0022pageBreakColor\\u0022:\\u0022#066aab\\u0022,\\u0022containerPadding\\u0022:\\u00220px\\u0022,\\u0022containerBorderStyle\\u0022:\\u0022none\\u0022,\\u0022containerBorderWidth\\u0022:\\u00221px\\u0022,\\u0022containerBorderColor\\u0022:\\u0022#000000\\u0022,\\u0022containerBorderRadius\\u0022:\\u00223px\\u0022,\\u0022containerShadowSize\\u0022:\\u0022none\\u0022,\\u0022customCss\\u0022:\\u0022\\u0022}\"} \/--><!-- wp:buttons --><\/p>\n<div class=\"wp-block-buttons\"><strong>Estas son algunas de las experiencias reales de nuestros clientes con todo lo que ofrecemos.<\/strong><br \/><strong>Para leer mas rese\u00f1as, visita nuestro perfil de Google.<\/strong><\/div>\n<p><!-- \/wp:jetpack\/slideshow --><\/p>\t\t\t\t\t\t\t\t<\/div>\n\t\t\t\t<\/div>\n\t\t\t\t\t<\/div>\n\t\t\t\t<\/div>\n\t\t<div class=\"elementor-element elementor-element-9c6ca37 e-flex e-con-boxed e-con e-parent\" data-id=\"9c6ca37\" data-element_type=\"container\">\n\t\t\t\t\t<div class=\"e-con-inner\">\n\t\t\t\t<div class=\"elementor-element elementor-element-813571b elementor-align-center elementor-widget elementor-widget-button\" data-id=\"813571b\" data-element_type=\"widget\" data-widget_type=\"button.default\">\n\t\t\t\t<div class=\"elementor-widget-container\">\n\t\t\t\t\t\t\t\t\t<div class=\"elementor-button-wrapper\">\n\t\t\t\t\t<a class=\"elementor-button elementor-button-link elementor-size-sm\" href=\"https:\/\/g.page\/r\/CZ6BHRdfkC_wEBM\/review\">\n\t\t\t\t\t\t<span class=\"elementor-button-content-wrapper\">\n\t\t\t\t\t\t\t\t\t<span class=\"elementor-button-text\">Munika Rese\u00f1as google<\/span>\n\t\t\t\t\t<\/span>\n\t\t\t\t\t<\/a>\n\t\t\t\t<\/div>\n\t\t\t\t\t\t\t\t<\/div>\n\t\t\t\t<\/div>\n\t\t\t\t\t<\/div>\n\t\t\t\t<\/div>\n\t\t<div class=\"elementor-element elementor-element-8a4c3d2 e-grid e-con-boxed e-con e-parent\" data-id=\"8a4c3d2\" data-element_type=\"container\">\n\t\t\t\t\t<div class=\"e-con-inner\">\n\t\t\t\t<div class=\"elementor-element elementor-element-ff3737e elementor-widget elementor-widget-image\" data-id=\"ff3737e\" data-element_type=\"widget\" data-widget_type=\"image.default\">\n\t\t\t\t<div class=\"elementor-widget-container\">\n\t\t\t\t\t\t\t\t\t\t\t\t\t\t\t<img fetchpriority=\"high\" decoding=\"async\" width=\"580\" height=\"1024\" src=\"https:\/\/munika.es\/wp-content\/uploads\/2025\/11\/IMG_0221-580x1024.jpeg\" class=\"attachment-large size-large wp-image-4164\" alt=\"\" srcset=\"https:\/\/munika.es\/wp-content\/uploads\/2025\/11\/IMG_0221-580x1024.jpeg 580w, https:\/\/munika.es\/wp-content\/uploads\/2025\/11\/IMG_0221-170x300.jpeg 170w, https:\/\/munika.es\/wp-content\/uploads\/2025\/11\/IMG_0221-768x1355.jpeg 768w, https:\/\/munika.es\/wp-content\/uploads\/2025\/11\/IMG_0221-870x1536.jpeg 870w, https:\/\/munika.es\/wp-content\/uploads\/2025\/11\/IMG_0221-1160x2048.jpeg 1160w, https:\/\/munika.es\/wp-content\/uploads\/2025\/11\/IMG_0221-600x1059.jpeg 600w, https:\/\/munika.es\/wp-content\/uploads\/2025\/11\/IMG_0221.jpeg 1284w\" sizes=\"(max-width: 580px) 100vw, 580px\" \/>\t\t\t\t\t\t\t\t\t\t\t\t\t\t\t<\/div>\n\t\t\t\t<\/div>\n\t\t\t\t<div class=\"elementor-element elementor-element-c6737bf elementor-widget elementor-widget-image\" data-id=\"c6737bf\" data-element_type=\"widget\" data-widget_type=\"image.default\">\n\t\t\t\t<div class=\"elementor-widget-container\">\n\t\t\t\t\t\t\t\t\t\t\t\t\t\t\t<img decoding=\"async\" width=\"586\" height=\"1024\" src=\"https:\/\/munika.es\/wp-content\/uploads\/2025\/11\/IMG_0220-586x1024.jpeg\" class=\"attachment-large size-large wp-image-4163\" alt=\"\" srcset=\"https:\/\/munika.es\/wp-content\/uploads\/2025\/11\/IMG_0220-586x1024.jpeg 586w, https:\/\/munika.es\/wp-content\/uploads\/2025\/11\/IMG_0220-172x300.jpeg 172w, https:\/\/munika.es\/wp-content\/uploads\/2025\/11\/IMG_0220-768x1343.jpeg 768w, https:\/\/munika.es\/wp-content\/uploads\/2025\/11\/IMG_0220-878x1536.jpeg 878w, https:\/\/munika.es\/wp-content\/uploads\/2025\/11\/IMG_0220-1171x2048.jpeg 1171w, https:\/\/munika.es\/wp-content\/uploads\/2025\/11\/IMG_0220-600x1049.jpeg 600w, https:\/\/munika.es\/wp-content\/uploads\/2025\/11\/IMG_0220.jpeg 1284w\" sizes=\"(max-width: 586px) 100vw, 586px\" \/>\t\t\t\t\t\t\t\t\t\t\t\t\t\t\t<\/div>\n\t\t\t\t<\/div>\n\t\t\t\t<div class=\"elementor-element elementor-element-51cc6a7 elementor-widget elementor-widget-image\" data-id=\"51cc6a7\" data-element_type=\"widget\" data-widget_type=\"image.default\">\n\t\t\t\t<div class=\"elementor-widget-container\">\n\t\t\t\t\t\t\t\t\t\t\t\t\t\t\t<img decoding=\"async\" width=\"582\" height=\"1024\" src=\"https:\/\/munika.es\/wp-content\/uploads\/2025\/11\/IMG_0218-582x1024.jpeg\" class=\"attachment-large size-large wp-image-4162\" alt=\"\" srcset=\"https:\/\/munika.es\/wp-content\/uploads\/2025\/11\/IMG_0218-582x1024.jpeg 582w, https:\/\/munika.es\/wp-content\/uploads\/2025\/11\/IMG_0218-171x300.jpeg 171w, https:\/\/munika.es\/wp-content\/uploads\/2025\/11\/IMG_0218-768x1351.jpeg 768w, https:\/\/munika.es\/wp-content\/uploads\/2025\/11\/IMG_0218-873x1536.jpeg 873w, https:\/\/munika.es\/wp-content\/uploads\/2025\/11\/IMG_0218-1164x2048.jpeg 1164w, https:\/\/munika.es\/wp-content\/uploads\/2025\/11\/IMG_0218-600x1056.jpeg 600w, https:\/\/munika.es\/wp-content\/uploads\/2025\/11\/IMG_0218.jpeg 1284w\" sizes=\"(max-width: 582px) 100vw, 582px\" \/>\t\t\t\t\t\t\t\t\t\t\t\t\t\t\t<\/div>\n\t\t\t\t<\/div>\n\t\t\t\t<div class=\"elementor-element elementor-element-d84c2ec elementor-widget elementor-widget-image\" data-id=\"d84c2ec\" data-element_type=\"widget\" data-widget_type=\"image.default\">\n\t\t\t\t<div class=\"elementor-widget-container\">\n\t\t\t\t\t\t\t\t\t\t\t\t\t\t\t<img loading=\"lazy\" decoding=\"async\" width=\"582\" height=\"1024\" src=\"https:\/\/munika.es\/wp-content\/uploads\/2025\/11\/IMG_0222-582x1024.jpeg\" class=\"attachment-large size-large wp-image-4189\" alt=\"\" srcset=\"https:\/\/munika.es\/wp-content\/uploads\/2025\/11\/IMG_0222-582x1024.jpeg 582w, https:\/\/munika.es\/wp-content\/uploads\/2025\/11\/IMG_0222-171x300.jpeg 171w, https:\/\/munika.es\/wp-content\/uploads\/2025\/11\/IMG_0222-768x1351.jpeg 768w, https:\/\/munika.es\/wp-content\/uploads\/2025\/11\/IMG_0222-873x1536.jpeg 873w, https:\/\/munika.es\/wp-content\/uploads\/2025\/11\/IMG_0222-1164x2048.jpeg 1164w, https:\/\/munika.es\/wp-content\/uploads\/2025\/11\/IMG_0222-600x1056.jpeg 600w, https:\/\/munika.es\/wp-content\/uploads\/2025\/11\/IMG_0222.jpeg 1284w\" sizes=\"(max-width: 582px) 100vw, 582px\" \/>\t\t\t\t\t\t\t\t\t\t\t\t\t\t\t<\/div>\n\t\t\t\t<\/div>\n\t\t\t\t<div class=\"elementor-element elementor-element-1dc0580 elementor-widget elementor-widget-image\" data-id=\"1dc0580\" data-element_type=\"widget\" data-widget_type=\"image.default\">\n\t\t\t\t<div class=\"elementor-widget-container\">\n\t\t\t\t\t\t\t\t\t\t\t\t\t\t\t<img loading=\"lazy\" decoding=\"async\" width=\"581\" height=\"1024\" src=\"https:\/\/munika.es\/wp-content\/uploads\/2025\/11\/IMG_0219-581x1024.jpeg\" class=\"attachment-large size-large wp-image-4188\" alt=\"\" srcset=\"https:\/\/munika.es\/wp-content\/uploads\/2025\/11\/IMG_0219-581x1024.jpeg 581w, https:\/\/munika.es\/wp-content\/uploads\/2025\/11\/IMG_0219-170x300.jpeg 170w, https:\/\/munika.es\/wp-content\/uploads\/2025\/11\/IMG_0219-768x1354.jpeg 768w, https:\/\/munika.es\/wp-content\/uploads\/2025\/11\/IMG_0219-872x1536.jpeg 872w, https:\/\/munika.es\/wp-content\/uploads\/2025\/11\/IMG_0219-1162x2048.jpeg 1162w, https:\/\/munika.es\/wp-content\/uploads\/2025\/11\/IMG_0219-600x1057.jpeg 600w, https:\/\/munika.es\/wp-content\/uploads\/2025\/11\/IMG_0219.jpeg 1284w\" sizes=\"(max-width: 581px) 100vw, 581px\" \/>\t\t\t\t\t\t\t\t\t\t\t\t\t\t\t<\/div>\n\t\t\t\t<\/div>\n\t\t\t\t<div class=\"elementor-element elementor-element-9003e8b elementor-widget elementor-widget-image\" data-id=\"9003e8b\" data-element_type=\"widget\" data-widget_type=\"image.default\">\n\t\t\t\t<div class=\"elementor-widget-container\">\n\t\t\t\t\t\t\t\t\t\t\t\t\t\t\t<img loading=\"lazy\" decoding=\"async\" width=\"579\" height=\"1024\" src=\"https:\/\/munika.es\/wp-content\/uploads\/2025\/11\/IMG_0217-1-579x1024.jpeg\" class=\"attachment-large size-large wp-image-4199\" alt=\"\" srcset=\"https:\/\/munika.es\/wp-content\/uploads\/2025\/11\/IMG_0217-1-579x1024.jpeg 579w, https:\/\/munika.es\/wp-content\/uploads\/2025\/11\/IMG_0217-1-170x300.jpeg 170w, https:\/\/munika.es\/wp-content\/uploads\/2025\/11\/IMG_0217-1-768x1359.jpeg 768w, https:\/\/munika.es\/wp-content\/uploads\/2025\/11\/IMG_0217-1-868x1536.jpeg 868w, https:\/\/munika.es\/wp-content\/uploads\/2025\/11\/IMG_0217-1-1157x2048.jpeg 1157w, https:\/\/munika.es\/wp-content\/uploads\/2025\/11\/IMG_0217-1-600x1062.jpeg 600w, https:\/\/munika.es\/wp-content\/uploads\/2025\/11\/IMG_0217-1.jpeg 1284w\" sizes=\"(max-width: 579px) 100vw, 579px\" \/>\t\t\t\t\t\t\t\t\t\t\t\t\t\t\t<\/div>\n\t\t\t\t<\/div>\n\t\t\t\t\t<\/div>\n\t\t\t\t<\/div>\n\t\t<div class=\"elementor-element elementor-element-401e46b e-flex e-con-boxed e-con e-parent\" data-id=\"401e46b\" data-element_type=\"container\">\n\t\t\t\t\t<div class=\"e-con-inner\">\n\t\t\t\t\t<\/div>\n\t\t\t\t<\/div>\t\t<\/div>\n\t\t","protected":false},"excerpt":{"rendered":"<p>Nos encanta cuidar de cada persona que nos visita. Estas son algunas de las experiencias reales de nuestros clientes con todo lo que ofrecemos.Para leer mas rese\u00f1as, visita nuestro perfil de Google. Munika Rese\u00f1as google<\/p>\n","protected":false},"author":1,"featured_media":0,"parent":0,"menu_order":0,"comment_status":"closed","ping_status":"closed","template":"","meta":{"site-sidebar-layout":"default","site-content-layout":"","ast-site-content-layout":"default","site-content-style":"default","site-sidebar-style":"default","ast-global-header-display":"","ast-banner-title-visibility":"","ast-main-header-display":"","ast-hfb-above-header-display":"","ast-hfb-below-header-display":"","ast-hfb-mobile-header-display":"","site-post-title":"","ast-breadcrumbs-content":"","ast-featured-img":"","footer-sml-layout":"","ast-disable-related-posts":"","theme-transparent-header-meta":"","adv-header-id-meta":"","stick-header-meta":"","header-above-stick-meta":"","header-main-stick-meta":"","header-below-stick-meta":"","astra-migrate-meta-layouts":"set","ast-page-background-enabled":"default","ast-page-background-meta":{"desktop":{"background-color":"","background-image":"","background-repeat":"repeat","background-position":"center center","background-size":"auto","background-attachment":"scroll","background-type":"","background-media":"","overlay-type":"","overlay-color":"","overlay-opacity":"","overlay-gradient":""},"tablet":{"background-color":"","background-image":"","background-repeat":"repeat","background-position":"center center","background-size":"auto","background-attachment":"scroll","background-type":"","background-media":"","overlay-type":"","overlay-color":"","overlay-opacity":"","overlay-gradient":""},"mobile":{"background-color":"","background-image":"","background-repeat":"repeat","background-position":"center center","background-size":"auto","background-attachment":"scroll","background-type":"","background-media":"","overlay-type":"","overlay-color":"","overlay-opacity":"","overlay-gradient":""}},"ast-content-background-meta":{"desktop":{"background-color":"var(--ast-global-color-5)","background-image":"","background-repeat":"repeat","background-position":"center center","background-size":"auto","background-attachment":"scroll","background-type":"","background-media":"","overlay-type":"","overlay-color":"","overlay-opacity":"","overlay-gradient":""},"tablet":{"background-color":"var(--ast-global-color-5)","background-image":"","background-repeat":"repeat","background-position":"center center","background-size":"auto","background-attachment":"scroll","background-type":"","background-media":"","overlay-type":"","overlay-color":"","overlay-opacity":"","overlay-gradient":""},"mobile":{"background-color":"var(--ast-global-color-5)","background-image":"","background-repeat":"repeat","background-position":"center center","background-size":"auto","background-attachment":"scroll","background-type":"","background-media":"","overlay-type":"","overlay-color":"","overlay-opacity":"","overlay-gradient":""}},"footnotes":""},"class_list":["post-3452","page","type-page","status-publish","hentry"],"yoast_head":"<!-- This site is optimized with the Yoast SEO plugin v24.2 - https:\/\/yoast.com\/wordpress\/plugins\/seo\/ -->\n<title>Opiniones - Munika opiniones reales de clientes<\/title>\n<meta name=\"description\" content=\"Lee las rese\u00f1as de nuestras clientas satisfechas y descubre porque somos la opci\u00f3n preferida de belleza. \u00danete a nuestra comunidad Munika\" \/>\n<meta name=\"robots\" content=\"index, follow, max-snippet:-1, max-image-preview:large, max-video-preview:-1\" \/>\n<link rel=\"canonical\" href=\"https:\/\/munika.es\/index.php\/opiniones\/\" \/>\n<meta property=\"og:locale\" content=\"es_ES\" \/>\n<meta property=\"og:type\" content=\"article\" \/>\n<meta property=\"og:title\" content=\"Opiniones - Munika opiniones reales de clientes\" \/>\n<meta property=\"og:description\" content=\"Lee las rese\u00f1as de nuestras clientas satisfechas y descubre porque somos la opci\u00f3n preferida de belleza. \u00danete a nuestra comunidad Munika\" \/>\n<meta property=\"og:url\" content=\"https:\/\/munika.es\/index.php\/opiniones\/\" \/>\n<meta property=\"og:site_name\" content=\"Munika\" \/>\n<meta property=\"article:publisher\" content=\"https:\/\/www.instagram.com\/munika.tarragona\/\" \/>\n<meta property=\"article:modified_time\" content=\"2025-12-08T13:37:05+00:00\" \/>\n<meta property=\"og:image\" content=\"https:\/\/munika.es\/wp-content\/uploads\/2025\/11\/IMG_0221-580x1024.jpeg\" \/>\n<meta name=\"twitter:card\" content=\"summary_large_image\" \/>\n<meta name=\"twitter:label1\" content=\"Tiempo de lectura\" \/>\n\t<meta name=\"twitter:data1\" content=\"2 minutos\" \/>\n<script type=\"application\/ld+json\" class=\"yoast-schema-graph\">{\"@context\":\"https:\/\/schema.org\",\"@graph\":[{\"@type\":\"WebPage\",\"@id\":\"https:\/\/munika.es\/index.php\/opiniones\/\",\"url\":\"https:\/\/munika.es\/index.php\/opiniones\/\",\"name\":\"Opiniones - Munika opiniones reales de clientes\",\"isPartOf\":{\"@id\":\"https:\/\/munika.es\/#website\"},\"primaryImageOfPage\":{\"@id\":\"https:\/\/munika.es\/index.php\/opiniones\/#primaryimage\"},\"image\":{\"@id\":\"https:\/\/munika.es\/index.php\/opiniones\/#primaryimage\"},\"thumbnailUrl\":\"https:\/\/munika.es\/wp-content\/uploads\/2025\/11\/IMG_0221-580x1024.jpeg\",\"datePublished\":\"2024-08-16T22:53:27+00:00\",\"dateModified\":\"2025-12-08T13:37:05+00:00\",\"description\":\"Lee las rese\u00f1as de nuestras clientas satisfechas y descubre porque somos la opci\u00f3n preferida de belleza. \u00danete a nuestra comunidad Munika\",\"breadcrumb\":{\"@id\":\"https:\/\/munika.es\/index.php\/opiniones\/#breadcrumb\"},\"inLanguage\":\"es\",\"potentialAction\":[{\"@type\":\"ReadAction\",\"target\":[\"https:\/\/munika.es\/index.php\/opiniones\/\"]}]},{\"@type\":\"ImageObject\",\"inLanguage\":\"es\",\"@id\":\"https:\/\/munika.es\/index.php\/opiniones\/#primaryimage\",\"url\":\"https:\/\/munika.es\/wp-content\/uploads\/2025\/11\/IMG_0221.jpeg\",\"contentUrl\":\"https:\/\/munika.es\/wp-content\/uploads\/2025\/11\/IMG_0221.jpeg\",\"width\":1284,\"height\":2266},{\"@type\":\"BreadcrumbList\",\"@id\":\"https:\/\/munika.es\/index.php\/opiniones\/#breadcrumb\",\"itemListElement\":[{\"@type\":\"ListItem\",\"position\":1,\"name\":\"Portada\",\"item\":\"https:\/\/munika.es\/\"},{\"@type\":\"ListItem\",\"position\":2,\"name\":\"Opiniones\"}]},{\"@type\":\"WebSite\",\"@id\":\"https:\/\/munika.es\/#website\",\"url\":\"https:\/\/munika.es\/\",\"name\":\"Munika\",\"description\":\"\",\"publisher\":{\"@id\":\"https:\/\/munika.es\/#organization\"},\"potentialAction\":[{\"@type\":\"SearchAction\",\"target\":{\"@type\":\"EntryPoint\",\"urlTemplate\":\"https:\/\/munika.es\/?s={search_term_string}\"},\"query-input\":{\"@type\":\"PropertyValueSpecification\",\"valueRequired\":true,\"valueName\":\"search_term_string\"}}],\"inLanguage\":\"es\"},{\"@type\":\"Organization\",\"@id\":\"https:\/\/munika.es\/#organization\",\"name\":\"Munika\",\"url\":\"https:\/\/munika.es\/\",\"logo\":{\"@type\":\"ImageObject\",\"inLanguage\":\"es\",\"@id\":\"https:\/\/munika.es\/#\/schema\/logo\/image\/\",\"url\":\"https:\/\/munika.es\/wp-content\/uploads\/2023\/11\/IMG_3229.png\",\"contentUrl\":\"https:\/\/munika.es\/wp-content\/uploads\/2023\/11\/IMG_3229.png\",\"width\":3500,\"height\":1849,\"caption\":\"Munika\"},\"image\":{\"@id\":\"https:\/\/munika.es\/#\/schema\/logo\/image\/\"},\"sameAs\":[\"https:\/\/www.instagram.com\/munika.tarragona\/\",\"https:\/\/www.tiktok.com\/@munika.tgn\"]}]}<\/script>\n<!-- \/ Yoast SEO plugin. -->","yoast_head_json":{"title":"Opiniones - Munika opiniones reales de clientes","description":"Lee las rese\u00f1as de nuestras clientas satisfechas y descubre porque somos la opci\u00f3n preferida de belleza. \u00danete a nuestra comunidad Munika","robots":{"index":"index","follow":"follow","max-snippet":"max-snippet:-1","max-image-preview":"max-image-preview:large","max-video-preview":"max-video-preview:-1"},"canonical":"https:\/\/munika.es\/index.php\/opiniones\/","og_locale":"es_ES","og_type":"article","og_title":"Opiniones - Munika opiniones reales de clientes","og_description":"Lee las rese\u00f1as de nuestras clientas satisfechas y descubre porque somos la opci\u00f3n preferida de belleza. \u00danete a nuestra comunidad Munika","og_url":"https:\/\/munika.es\/index.php\/opiniones\/","og_site_name":"Munika","article_publisher":"https:\/\/www.instagram.com\/munika.tarragona\/","article_modified_time":"2025-12-08T13:37:05+00:00","og_image":[{"url":"https:\/\/munika.es\/wp-content\/uploads\/2025\/11\/IMG_0221-580x1024.jpeg","type":"","width":"","height":""}],"twitter_card":"summary_large_image","twitter_misc":{"Tiempo de lectura":"2 minutos"},"schema":{"@context":"https:\/\/schema.org","@graph":[{"@type":"WebPage","@id":"https:\/\/munika.es\/index.php\/opiniones\/","url":"https:\/\/munika.es\/index.php\/opiniones\/","name":"Opiniones - Munika opiniones reales de clientes","isPartOf":{"@id":"https:\/\/munika.es\/#website"},"primaryImageOfPage":{"@id":"https:\/\/munika.es\/index.php\/opiniones\/#primaryimage"},"image":{"@id":"https:\/\/munika.es\/index.php\/opiniones\/#primaryimage"},"thumbnailUrl":"https:\/\/munika.es\/wp-content\/uploads\/2025\/11\/IMG_0221-580x1024.jpeg","datePublished":"2024-08-16T22:53:27+00:00","dateModified":"2025-12-08T13:37:05+00:00","description":"Lee las rese\u00f1as de nuestras clientas satisfechas y descubre porque somos la opci\u00f3n preferida de belleza. \u00danete a nuestra comunidad Munika","breadcrumb":{"@id":"https:\/\/munika.es\/index.php\/opiniones\/#breadcrumb"},"inLanguage":"es","potentialAction":[{"@type":"ReadAction","target":["https:\/\/munika.es\/index.php\/opiniones\/"]}]},{"@type":"ImageObject","inLanguage":"es","@id":"https:\/\/munika.es\/index.php\/opiniones\/#primaryimage","url":"https:\/\/munika.es\/wp-content\/uploads\/2025\/11\/IMG_0221.jpeg","contentUrl":"https:\/\/munika.es\/wp-content\/uploads\/2025\/11\/IMG_0221.jpeg","width":1284,"height":2266},{"@type":"BreadcrumbList","@id":"https:\/\/munika.es\/index.php\/opiniones\/#breadcrumb","itemListElement":[{"@type":"ListItem","position":1,"name":"Portada","item":"https:\/\/munika.es\/"},{"@type":"ListItem","position":2,"name":"Opiniones"}]},{"@type":"WebSite","@id":"https:\/\/munika.es\/#website","url":"https:\/\/munika.es\/","name":"Munika","description":"","publisher":{"@id":"https:\/\/munika.es\/#organization"},"potentialAction":[{"@type":"SearchAction","target":{"@type":"EntryPoint","urlTemplate":"https:\/\/munika.es\/?s={search_term_string}"},"query-input":{"@type":"PropertyValueSpecification","valueRequired":true,"valueName":"search_term_string"}}],"inLanguage":"es"},{"@type":"Organization","@id":"https:\/\/munika.es\/#organization","name":"Munika","url":"https:\/\/munika.es\/","logo":{"@type":"ImageObject","inLanguage":"es","@id":"https:\/\/munika.es\/#\/schema\/logo\/image\/","url":"https:\/\/munika.es\/wp-content\/uploads\/2023\/11\/IMG_3229.png","contentUrl":"https:\/\/munika.es\/wp-content\/uploads\/2023\/11\/IMG_3229.png","width":3500,"height":1849,"caption":"Munika"},"image":{"@id":"https:\/\/munika.es\/#\/schema\/logo\/image\/"},"sameAs":["https:\/\/www.instagram.com\/munika.tarragona\/","https:\/\/www.tiktok.com\/@munika.tgn"]}]}},"jetpack_sharing_enabled":true,"_links":{"self":[{"href":"https:\/\/munika.es\/index.php\/wp-json\/wp\/v2\/pages\/3452","targetHints":{"allow":["GET"]}}],"collection":[{"href":"https:\/\/munika.es\/index.php\/wp-json\/wp\/v2\/pages"}],"about":[{"href":"https:\/\/munika.es\/index.php\/wp-json\/wp\/v2\/types\/page"}],"author":[{"embeddable":true,"href":"https:\/\/munika.es\/index.php\/wp-json\/wp\/v2\/users\/1"}],"replies":[{"embeddable":true,"href":"https:\/\/munika.es\/index.php\/wp-json\/wp\/v2\/comments?post=3452"}],"version-history":[{"count":14,"href":"https:\/\/munika.es\/index.php\/wp-json\/wp\/v2\/pages\/3452\/revisions"}],"predecessor-version":[{"id":4224,"href":"https:\/\/munika.es\/index.php\/wp-json\/wp\/v2\/pages\/3452\/revisions\/4224"}],"wp:attachment":[{"href":"https:\/\/munika.es\/index.php\/wp-json\/wp\/v2\/media?parent=3452"}],"curies":[{"name":"wp","href":"https:\/\/api.w.org\/{rel}","templated":true}]}}