{"id":4355,"date":"2026-04-13T23:41:24","date_gmt":"2026-04-13T22:41:24","guid":{"rendered":"https:\/\/munika.es\/?post_type=product&#038;p=4355"},"modified":"2026-04-14T00:03:06","modified_gmt":"2026-04-13T23:03:06","slug":"tarjeta-regalo-dia-de-la-madre","status":"publish","type":"product","link":"https:\/\/munika.es\/index.php\/producto\/tarjeta-regalo-dia-de-la-madre\/","title":{"rendered":"Tarjeta regalo d\u00eda de la madre"},"content":{"rendered":"<p>Sorprende este <u><a href=\"\/\/generic-entity?number=0\">D\u00eda de la Madre<\/a><\/u> con un regalo \u00fanico y especial. Nuestras tarjetas de Spa capilar son la opci\u00f3n perfecta para mimar, relajar y cuidar a quien m\u00e1s quieres. Un detalle pensado para desconectar, renovar energ\u00eda y lucir un cabello sano y radiante. Regala bienestar, regala momentos inolvidables.<\/p>\n","protected":false},"excerpt":{"rendered":"<p>Sorprende este D\u00eda de la Madre con un regalo \u00fanico y especial. Nuestras tarjetas de Spa capilar son la opci\u00f3n perfecta para mimar, relajar y cuidar a quien m\u00e1s quieres. Un detalle pensado para desconectar, renovar energ\u00eda y lucir un cabello sano y radiante. Regala bienestar, regala momentos inolvidables.<\/p>\n","protected":false},"featured_media":4366,"comment_status":"open","ping_status":"closed","template":"","meta":{"site-sidebar-layout":"default","site-content-layout":"","ast-site-content-layout":"default","site-content-style":"default","site-sidebar-style":"default","ast-global-header-display":"","ast-banner-title-visibility":"","ast-main-header-display":"","ast-hfb-above-header-display":"","ast-hfb-below-header-display":"","ast-hfb-mobile-header-display":"","site-post-title":"","ast-breadcrumbs-content":"","ast-featured-img":"","footer-sml-layout":"","ast-disable-related-posts":"","theme-transparent-header-meta":"","adv-header-id-meta":"","stick-header-meta":"","header-above-stick-meta":"","header-main-stick-meta":"","header-below-stick-meta":"","astra-migrate-meta-layouts":"default","ast-page-background-enabled":"default","ast-page-background-meta":{"desktop":{"background-color":"","background-image":"","background-repeat":"repeat","background-position":"center center","background-size":"auto","background-attachment":"scroll","background-type":"","background-media":"","overlay-type":"","overlay-color":"","overlay-opacity":"","overlay-gradient":""},"tablet":{"background-color":"","background-image":"","background-repeat":"repeat","background-position":"center center","background-size":"auto","background-attachment":"scroll","background-type":"","background-media":"","overlay-type":"","overlay-color":"","overlay-opacity":"","overlay-gradient":""},"mobile":{"background-color":"","background-image":"","background-repeat":"repeat","background-position":"center center","background-size":"auto","background-attachment":"scroll","background-type":"","background-media":"","overlay-type":"","overlay-color":"","overlay-opacity":"","overlay-gradient":""}},"ast-content-background-meta":{"desktop":{"background-color":"var(--ast-global-color-5)","background-image":"","background-repeat":"repeat","background-position":"center center","background-size":"auto","background-attachment":"scroll","background-type":"","background-media":"","overlay-type":"","overlay-color":"","overlay-opacity":"","overlay-gradient":""},"tablet":{"background-color":"var(--ast-global-color-5)","background-image":"","background-repeat":"repeat","background-position":"center center","background-size":"auto","background-attachment":"scroll","background-type":"","background-media":"","overlay-type":"","overlay-color":"","overlay-opacity":"","overlay-gradient":""},"mobile":{"background-color":"var(--ast-global-color-5)","background-image":"","background-repeat":"repeat","background-position":"center center","background-size":"auto","background-attachment":"scroll","background-type":"","background-media":"","overlay-type":"","overlay-color":"","overlay-opacity":"","overlay-gradient":""}}},"product_cat":[118],"product_tag":[],"class_list":{"0":"post-4355","1":"product","2":"type-product","3":"status-publish","4":"has-post-thumbnail","6":"product_cat-tarjeta-regalo","7":"desktop-align-center","8":"tablet-align-center","9":"mobile-align-center","11":"first","12":"instock","13":"taxable","14":"shipping-taxable","15":"purchasable","16":"product-type-variable"},"yoast_head":"<!-- This site is optimized with the Yoast SEO plugin v24.2 - https:\/\/yoast.com\/wordpress\/plugins\/seo\/ -->\n<title>Tarjeta regalo d\u00eda de la madre - Munika<\/title>\n<meta name=\"robots\" content=\"index, follow, max-snippet:-1, max-image-preview:large, max-video-preview:-1\" \/>\n<link rel=\"canonical\" href=\"https:\/\/munika.es\/index.php\/producto\/tarjeta-regalo-dia-de-la-madre\/\" \/>\n<meta property=\"og:locale\" content=\"es_ES\" \/>\n<meta property=\"og:type\" content=\"article\" \/>\n<meta property=\"og:title\" content=\"Tarjeta regalo d\u00eda de la madre - Munika\" \/>\n<meta property=\"og:description\" content=\"Sorprende este D\u00eda de la Madre con un regalo \u00fanico y especial. Nuestras tarjetas de Spa capilar son la opci\u00f3n perfecta para mimar, relajar y cuidar a quien m\u00e1s quieres. Un detalle pensado para desconectar, renovar energ\u00eda y lucir un cabello sano y radiante. Regala bienestar, regala momentos inolvidables.\" \/>\n<meta property=\"og:url\" content=\"https:\/\/munika.es\/index.php\/producto\/tarjeta-regalo-dia-de-la-madre\/\" \/>\n<meta property=\"og:site_name\" content=\"Munika\" \/>\n<meta property=\"article:publisher\" content=\"https:\/\/www.instagram.com\/munika.tarragona\/\" \/>\n<meta property=\"article:modified_time\" content=\"2026-04-13T23:03:06+00:00\" \/>\n<meta property=\"og:image\" content=\"https:\/\/munika.es\/wp-content\/uploads\/2026\/04\/img_4324.png\" \/>\n\t<meta property=\"og:image:width\" content=\"823\" \/>\n\t<meta property=\"og:image:height\" content=\"1250\" \/>\n\t<meta property=\"og:image:type\" content=\"image\/png\" \/>\n<meta name=\"twitter:card\" content=\"summary_large_image\" \/>\n<script type=\"application\/ld+json\" class=\"yoast-schema-graph\">{\"@context\":\"https:\/\/schema.org\",\"@graph\":[{\"@type\":\"WebPage\",\"@id\":\"https:\/\/munika.es\/index.php\/producto\/tarjeta-regalo-dia-de-la-madre\/\",\"url\":\"https:\/\/munika.es\/index.php\/producto\/tarjeta-regalo-dia-de-la-madre\/\",\"name\":\"Tarjeta regalo d\u00eda de la madre - Munika\",\"isPartOf\":{\"@id\":\"https:\/\/munika.es\/#website\"},\"primaryImageOfPage\":{\"@id\":\"https:\/\/munika.es\/index.php\/producto\/tarjeta-regalo-dia-de-la-madre\/#primaryimage\"},\"image\":{\"@id\":\"https:\/\/munika.es\/index.php\/producto\/tarjeta-regalo-dia-de-la-madre\/#primaryimage\"},\"thumbnailUrl\":\"https:\/\/munika.es\/wp-content\/uploads\/2026\/04\/img_4324.png\",\"datePublished\":\"2026-04-13T22:41:24+00:00\",\"dateModified\":\"2026-04-13T23:03:06+00:00\",\"breadcrumb\":{\"@id\":\"https:\/\/munika.es\/index.php\/producto\/tarjeta-regalo-dia-de-la-madre\/#breadcrumb\"},\"inLanguage\":\"es\",\"potentialAction\":[{\"@type\":\"ReadAction\",\"target\":[\"https:\/\/munika.es\/index.php\/producto\/tarjeta-regalo-dia-de-la-madre\/\"]}]},{\"@type\":\"ImageObject\",\"inLanguage\":\"es\",\"@id\":\"https:\/\/munika.es\/index.php\/producto\/tarjeta-regalo-dia-de-la-madre\/#primaryimage\",\"url\":\"https:\/\/munika.es\/wp-content\/uploads\/2026\/04\/img_4324.png\",\"contentUrl\":\"https:\/\/munika.es\/wp-content\/uploads\/2026\/04\/img_4324.png\",\"width\":823,\"height\":1250},{\"@type\":\"BreadcrumbList\",\"@id\":\"https:\/\/munika.es\/index.php\/producto\/tarjeta-regalo-dia-de-la-madre\/#breadcrumb\",\"itemListElement\":[{\"@type\":\"ListItem\",\"position\":1,\"name\":\"Portada\",\"item\":\"https:\/\/munika.es\/\"},{\"@type\":\"ListItem\",\"position\":2,\"name\":\"Tienda\",\"item\":\"https:\/\/munika.es\/index.php\/tienda-2\/\"},{\"@type\":\"ListItem\",\"position\":3,\"name\":\"Tarjeta regalo d\u00eda de la madre\"}]},{\"@type\":\"WebSite\",\"@id\":\"https:\/\/munika.es\/#website\",\"url\":\"https:\/\/munika.es\/\",\"name\":\"Munika\",\"description\":\"\",\"publisher\":{\"@id\":\"https:\/\/munika.es\/#organization\"},\"potentialAction\":[{\"@type\":\"SearchAction\",\"target\":{\"@type\":\"EntryPoint\",\"urlTemplate\":\"https:\/\/munika.es\/?s={search_term_string}\"},\"query-input\":{\"@type\":\"PropertyValueSpecification\",\"valueRequired\":true,\"valueName\":\"search_term_string\"}}],\"inLanguage\":\"es\"},{\"@type\":\"Organization\",\"@id\":\"https:\/\/munika.es\/#organization\",\"name\":\"Munika\",\"url\":\"https:\/\/munika.es\/\",\"logo\":{\"@type\":\"ImageObject\",\"inLanguage\":\"es\",\"@id\":\"https:\/\/munika.es\/#\/schema\/logo\/image\/\",\"url\":\"https:\/\/munika.es\/wp-content\/uploads\/2023\/11\/IMG_3229.png\",\"contentUrl\":\"https:\/\/munika.es\/wp-content\/uploads\/2023\/11\/IMG_3229.png\",\"width\":3500,\"height\":1849,\"caption\":\"Munika\"},\"image\":{\"@id\":\"https:\/\/munika.es\/#\/schema\/logo\/image\/\"},\"sameAs\":[\"https:\/\/www.instagram.com\/munika.tarragona\/\",\"https:\/\/www.tiktok.com\/@munika.tgn\"]}]}<\/script>\n<!-- \/ Yoast SEO plugin. -->","yoast_head_json":{"title":"Tarjeta regalo d\u00eda de la madre - Munika","robots":{"index":"index","follow":"follow","max-snippet":"max-snippet:-1","max-image-preview":"max-image-preview:large","max-video-preview":"max-video-preview:-1"},"canonical":"https:\/\/munika.es\/index.php\/producto\/tarjeta-regalo-dia-de-la-madre\/","og_locale":"es_ES","og_type":"article","og_title":"Tarjeta regalo d\u00eda de la madre - Munika","og_description":"Sorprende este D\u00eda de la Madre con un regalo \u00fanico y especial. Nuestras tarjetas de Spa capilar son la opci\u00f3n perfecta para mimar, relajar y cuidar a quien m\u00e1s quieres. Un detalle pensado para desconectar, renovar energ\u00eda y lucir un cabello sano y radiante. Regala bienestar, regala momentos inolvidables.","og_url":"https:\/\/munika.es\/index.php\/producto\/tarjeta-regalo-dia-de-la-madre\/","og_site_name":"Munika","article_publisher":"https:\/\/www.instagram.com\/munika.tarragona\/","article_modified_time":"2026-04-13T23:03:06+00:00","og_image":[{"width":823,"height":1250,"url":"https:\/\/munika.es\/wp-content\/uploads\/2026\/04\/img_4324.png","type":"image\/png"}],"twitter_card":"summary_large_image","schema":{"@context":"https:\/\/schema.org","@graph":[{"@type":"WebPage","@id":"https:\/\/munika.es\/index.php\/producto\/tarjeta-regalo-dia-de-la-madre\/","url":"https:\/\/munika.es\/index.php\/producto\/tarjeta-regalo-dia-de-la-madre\/","name":"Tarjeta regalo d\u00eda de la madre - Munika","isPartOf":{"@id":"https:\/\/munika.es\/#website"},"primaryImageOfPage":{"@id":"https:\/\/munika.es\/index.php\/producto\/tarjeta-regalo-dia-de-la-madre\/#primaryimage"},"image":{"@id":"https:\/\/munika.es\/index.php\/producto\/tarjeta-regalo-dia-de-la-madre\/#primaryimage"},"thumbnailUrl":"https:\/\/munika.es\/wp-content\/uploads\/2026\/04\/img_4324.png","datePublished":"2026-04-13T22:41:24+00:00","dateModified":"2026-04-13T23:03:06+00:00","breadcrumb":{"@id":"https:\/\/munika.es\/index.php\/producto\/tarjeta-regalo-dia-de-la-madre\/#breadcrumb"},"inLanguage":"es","potentialAction":[{"@type":"ReadAction","target":["https:\/\/munika.es\/index.php\/producto\/tarjeta-regalo-dia-de-la-madre\/"]}]},{"@type":"ImageObject","inLanguage":"es","@id":"https:\/\/munika.es\/index.php\/producto\/tarjeta-regalo-dia-de-la-madre\/#primaryimage","url":"https:\/\/munika.es\/wp-content\/uploads\/2026\/04\/img_4324.png","contentUrl":"https:\/\/munika.es\/wp-content\/uploads\/2026\/04\/img_4324.png","width":823,"height":1250},{"@type":"BreadcrumbList","@id":"https:\/\/munika.es\/index.php\/producto\/tarjeta-regalo-dia-de-la-madre\/#breadcrumb","itemListElement":[{"@type":"ListItem","position":1,"name":"Portada","item":"https:\/\/munika.es\/"},{"@type":"ListItem","position":2,"name":"Tienda","item":"https:\/\/munika.es\/index.php\/tienda-2\/"},{"@type":"ListItem","position":3,"name":"Tarjeta regalo d\u00eda de la madre"}]},{"@type":"WebSite","@id":"https:\/\/munika.es\/#website","url":"https:\/\/munika.es\/","name":"Munika","description":"","publisher":{"@id":"https:\/\/munika.es\/#organization"},"potentialAction":[{"@type":"SearchAction","target":{"@type":"EntryPoint","urlTemplate":"https:\/\/munika.es\/?s={search_term_string}"},"query-input":{"@type":"PropertyValueSpecification","valueRequired":true,"valueName":"search_term_string"}}],"inLanguage":"es"},{"@type":"Organization","@id":"https:\/\/munika.es\/#organization","name":"Munika","url":"https:\/\/munika.es\/","logo":{"@type":"ImageObject","inLanguage":"es","@id":"https:\/\/munika.es\/#\/schema\/logo\/image\/","url":"https:\/\/munika.es\/wp-content\/uploads\/2023\/11\/IMG_3229.png","contentUrl":"https:\/\/munika.es\/wp-content\/uploads\/2023\/11\/IMG_3229.png","width":3500,"height":1849,"caption":"Munika"},"image":{"@id":"https:\/\/munika.es\/#\/schema\/logo\/image\/"},"sameAs":["https:\/\/www.instagram.com\/munika.tarragona\/","https:\/\/www.tiktok.com\/@munika.tgn"]}]}},"jetpack_sharing_enabled":true,"_links":{"self":[{"href":"https:\/\/munika.es\/index.php\/wp-json\/wp\/v2\/product\/4355","targetHints":{"allow":["GET"]}}],"collection":[{"href":"https:\/\/munika.es\/index.php\/wp-json\/wp\/v2\/product"}],"about":[{"href":"https:\/\/munika.es\/index.php\/wp-json\/wp\/v2\/types\/product"}],"replies":[{"embeddable":true,"href":"https:\/\/munika.es\/index.php\/wp-json\/wp\/v2\/comments?post=4355"}],"version-history":[{"count":1,"href":"https:\/\/munika.es\/index.php\/wp-json\/wp\/v2\/product\/4355\/revisions"}],"predecessor-version":[{"id":4384,"href":"https:\/\/munika.es\/index.php\/wp-json\/wp\/v2\/product\/4355\/revisions\/4384"}],"wp:featuredmedia":[{"embeddable":true,"href":"https:\/\/munika.es\/index.php\/wp-json\/wp\/v2\/media\/4366"}],"wp:attachment":[{"href":"https:\/\/munika.es\/index.php\/wp-json\/wp\/v2\/media?parent=4355"}],"wp:term":[{"taxonomy":"product_cat","embeddable":true,"href":"https:\/\/munika.es\/index.php\/wp-json\/wp\/v2\/product_cat?post=4355"},{"taxonomy":"product_tag","embeddable":true,"href":"https:\/\/munika.es\/index.php\/wp-json\/wp\/v2\/product_tag?post=4355"}],"curies":[{"name":"wp","href":"https:\/\/api.w.org\/{rel}","templated":true}]}}