{"id":4441,"date":"2026-04-15T19:37:37","date_gmt":"2026-04-15T18:37:37","guid":{"rendered":"https:\/\/munika.es\/?post_type=product&#038;p=4441"},"modified":"2026-04-15T19:48:55","modified_gmt":"2026-04-15T18:48:55","slug":"tarjeta-regalo-dia-del-padre","status":"publish","type":"product","link":"https:\/\/munika.es\/index.php\/producto\/tarjeta-regalo-dia-del-padre\/","title":{"rendered":"Tarjeta regalo D\u00eda del padre"},"content":{"rendered":"<p>Regala bienestar y cuidado con nuestras tarjetas regalo de Spa Capilar, una experiencia \u00fanica pensada para desconectar y mimar el cabello y el cuero cabelludo. Puedes elegir entre sesiones individuales o en d\u00fao, ideales para compartir un momento especial, como padre e hijo en el D\u00eda del Padre.<\/p>\n<p>Un detalle original, personalizable y perfecto para cualquier ocasi\u00f3n. Adem\u00e1s, nuestras tarjetas tienen una validez de 1 a\u00f1o, para que quien la reciba pueda disfrutarla cuando mejor le convenga.<\/p>\n","protected":false},"excerpt":{"rendered":"<p>Regala bienestar y cuidado con nuestras tarjetas regalo de Spa Capilar, una experiencia \u00fanica pensada para desconectar y mimar el cabello y el cuero cabelludo. Puedes elegir entre sesiones individuales o en d\u00fao, ideales para compartir un momento especial, como padre e hijo en el D\u00eda del Padre. Un detalle original, personalizable y perfecto para [&hellip;]<\/p>\n","protected":false},"featured_media":4450,"comment_status":"open","ping_status":"closed","template":"","meta":{"site-sidebar-layout":"default","site-content-layout":"","ast-site-content-layout":"default","site-content-style":"default","site-sidebar-style":"default","ast-global-header-display":"","ast-banner-title-visibility":"","ast-main-header-display":"","ast-hfb-above-header-display":"","ast-hfb-below-header-display":"","ast-hfb-mobile-header-display":"","site-post-title":"","ast-breadcrumbs-content":"","ast-featured-img":"","footer-sml-layout":"","ast-disable-related-posts":"","theme-transparent-header-meta":"","adv-header-id-meta":"","stick-header-meta":"","header-above-stick-meta":"","header-main-stick-meta":"","header-below-stick-meta":"","astra-migrate-meta-layouts":"default","ast-page-background-enabled":"default","ast-page-background-meta":{"desktop":{"background-color":"","background-image":"","background-repeat":"repeat","background-position":"center center","background-size":"auto","background-attachment":"scroll","background-type":"","background-media":"","overlay-type":"","overlay-color":"","overlay-opacity":"","overlay-gradient":""},"tablet":{"background-color":"","background-image":"","background-repeat":"repeat","background-position":"center center","background-size":"auto","background-attachment":"scroll","background-type":"","background-media":"","overlay-type":"","overlay-color":"","overlay-opacity":"","overlay-gradient":""},"mobile":{"background-color":"","background-image":"","background-repeat":"repeat","background-position":"center center","background-size":"auto","background-attachment":"scroll","background-type":"","background-media":"","overlay-type":"","overlay-color":"","overlay-opacity":"","overlay-gradient":""}},"ast-content-background-meta":{"desktop":{"background-color":"var(--ast-global-color-5)","background-image":"","background-repeat":"repeat","background-position":"center center","background-size":"auto","background-attachment":"scroll","background-type":"","background-media":"","overlay-type":"","overlay-color":"","overlay-opacity":"","overlay-gradient":""},"tablet":{"background-color":"var(--ast-global-color-5)","background-image":"","background-repeat":"repeat","background-position":"center center","background-size":"auto","background-attachment":"scroll","background-type":"","background-media":"","overlay-type":"","overlay-color":"","overlay-opacity":"","overlay-gradient":""},"mobile":{"background-color":"var(--ast-global-color-5)","background-image":"","background-repeat":"repeat","background-position":"center center","background-size":"auto","background-attachment":"scroll","background-type":"","background-media":"","overlay-type":"","overlay-color":"","overlay-opacity":"","overlay-gradient":""}}},"product_cat":[118],"product_tag":[],"class_list":{"0":"post-4441","1":"product","2":"type-product","3":"status-publish","4":"has-post-thumbnail","6":"product_cat-tarjeta-regalo","7":"desktop-align-center","8":"tablet-align-center","9":"mobile-align-center","11":"first","12":"instock","13":"taxable","14":"shipping-taxable","15":"purchasable","16":"product-type-variable"},"yoast_head":"<!-- This site is optimized with the Yoast SEO plugin v24.2 - https:\/\/yoast.com\/wordpress\/plugins\/seo\/ -->\n<title>Tarjeta regalo D\u00eda del padre - Munika<\/title>\n<meta name=\"robots\" content=\"index, follow, max-snippet:-1, max-image-preview:large, max-video-preview:-1\" \/>\n<link rel=\"canonical\" href=\"https:\/\/munika.es\/index.php\/producto\/tarjeta-regalo-dia-del-padre\/\" \/>\n<meta property=\"og:locale\" content=\"es_ES\" \/>\n<meta property=\"og:type\" content=\"article\" \/>\n<meta property=\"og:title\" content=\"Tarjeta regalo D\u00eda del padre - Munika\" \/>\n<meta property=\"og:description\" content=\"Regala bienestar y cuidado con nuestras tarjetas regalo de Spa Capilar, una experiencia \u00fanica pensada para desconectar y mimar el cabello y el cuero cabelludo. Puedes elegir entre sesiones individuales o en d\u00fao, ideales para compartir un momento especial, como padre e hijo en el D\u00eda del Padre. Un detalle original, personalizable y perfecto para [&hellip;]\" \/>\n<meta property=\"og:url\" content=\"https:\/\/munika.es\/index.php\/producto\/tarjeta-regalo-dia-del-padre\/\" \/>\n<meta property=\"og:site_name\" content=\"Munika\" \/>\n<meta property=\"article:publisher\" content=\"https:\/\/www.instagram.com\/munika.tarragona\/\" \/>\n<meta property=\"article:modified_time\" content=\"2026-04-15T18:48:55+00:00\" \/>\n<meta property=\"og:image\" content=\"https:\/\/munika.es\/wp-content\/uploads\/2026\/04\/17cc1a7b-5470-4103-a52c-a05cff900791.jpeg\" \/>\n\t<meta property=\"og:image:width\" content=\"1179\" \/>\n\t<meta property=\"og:image:height\" content=\"1761\" \/>\n\t<meta property=\"og:image:type\" content=\"image\/jpeg\" \/>\n<meta name=\"twitter:card\" content=\"summary_large_image\" \/>\n<script type=\"application\/ld+json\" class=\"yoast-schema-graph\">{\"@context\":\"https:\/\/schema.org\",\"@graph\":[{\"@type\":\"WebPage\",\"@id\":\"https:\/\/munika.es\/index.php\/producto\/tarjeta-regalo-dia-del-padre\/\",\"url\":\"https:\/\/munika.es\/index.php\/producto\/tarjeta-regalo-dia-del-padre\/\",\"name\":\"Tarjeta regalo D\u00eda del padre - Munika\",\"isPartOf\":{\"@id\":\"https:\/\/munika.es\/#website\"},\"primaryImageOfPage\":{\"@id\":\"https:\/\/munika.es\/index.php\/producto\/tarjeta-regalo-dia-del-padre\/#primaryimage\"},\"image\":{\"@id\":\"https:\/\/munika.es\/index.php\/producto\/tarjeta-regalo-dia-del-padre\/#primaryimage\"},\"thumbnailUrl\":\"https:\/\/munika.es\/wp-content\/uploads\/2026\/04\/17cc1a7b-5470-4103-a52c-a05cff900791.jpeg\",\"datePublished\":\"2026-04-15T18:37:37+00:00\",\"dateModified\":\"2026-04-15T18:48:55+00:00\",\"breadcrumb\":{\"@id\":\"https:\/\/munika.es\/index.php\/producto\/tarjeta-regalo-dia-del-padre\/#breadcrumb\"},\"inLanguage\":\"es\",\"potentialAction\":[{\"@type\":\"ReadAction\",\"target\":[\"https:\/\/munika.es\/index.php\/producto\/tarjeta-regalo-dia-del-padre\/\"]}]},{\"@type\":\"ImageObject\",\"inLanguage\":\"es\",\"@id\":\"https:\/\/munika.es\/index.php\/producto\/tarjeta-regalo-dia-del-padre\/#primaryimage\",\"url\":\"https:\/\/munika.es\/wp-content\/uploads\/2026\/04\/17cc1a7b-5470-4103-a52c-a05cff900791.jpeg\",\"contentUrl\":\"https:\/\/munika.es\/wp-content\/uploads\/2026\/04\/17cc1a7b-5470-4103-a52c-a05cff900791.jpeg\",\"width\":1179,\"height\":1761},{\"@type\":\"BreadcrumbList\",\"@id\":\"https:\/\/munika.es\/index.php\/producto\/tarjeta-regalo-dia-del-padre\/#breadcrumb\",\"itemListElement\":[{\"@type\":\"ListItem\",\"position\":1,\"name\":\"Portada\",\"item\":\"https:\/\/munika.es\/\"},{\"@type\":\"ListItem\",\"position\":2,\"name\":\"Tienda\",\"item\":\"https:\/\/munika.es\/index.php\/tienda-2\/\"},{\"@type\":\"ListItem\",\"position\":3,\"name\":\"Tarjeta regalo D\u00eda del padre\"}]},{\"@type\":\"WebSite\",\"@id\":\"https:\/\/munika.es\/#website\",\"url\":\"https:\/\/munika.es\/\",\"name\":\"Munika\",\"description\":\"\",\"publisher\":{\"@id\":\"https:\/\/munika.es\/#organization\"},\"potentialAction\":[{\"@type\":\"SearchAction\",\"target\":{\"@type\":\"EntryPoint\",\"urlTemplate\":\"https:\/\/munika.es\/?s={search_term_string}\"},\"query-input\":{\"@type\":\"PropertyValueSpecification\",\"valueRequired\":true,\"valueName\":\"search_term_string\"}}],\"inLanguage\":\"es\"},{\"@type\":\"Organization\",\"@id\":\"https:\/\/munika.es\/#organization\",\"name\":\"Munika\",\"url\":\"https:\/\/munika.es\/\",\"logo\":{\"@type\":\"ImageObject\",\"inLanguage\":\"es\",\"@id\":\"https:\/\/munika.es\/#\/schema\/logo\/image\/\",\"url\":\"https:\/\/munika.es\/wp-content\/uploads\/2023\/11\/IMG_3229.png\",\"contentUrl\":\"https:\/\/munika.es\/wp-content\/uploads\/2023\/11\/IMG_3229.png\",\"width\":3500,\"height\":1849,\"caption\":\"Munika\"},\"image\":{\"@id\":\"https:\/\/munika.es\/#\/schema\/logo\/image\/\"},\"sameAs\":[\"https:\/\/www.instagram.com\/munika.tarragona\/\",\"https:\/\/www.tiktok.com\/@munika.tgn\"]}]}<\/script>\n<!-- \/ Yoast SEO plugin. -->","yoast_head_json":{"title":"Tarjeta regalo D\u00eda del padre - Munika","robots":{"index":"index","follow":"follow","max-snippet":"max-snippet:-1","max-image-preview":"max-image-preview:large","max-video-preview":"max-video-preview:-1"},"canonical":"https:\/\/munika.es\/index.php\/producto\/tarjeta-regalo-dia-del-padre\/","og_locale":"es_ES","og_type":"article","og_title":"Tarjeta regalo D\u00eda del padre - Munika","og_description":"Regala bienestar y cuidado con nuestras tarjetas regalo de Spa Capilar, una experiencia \u00fanica pensada para desconectar y mimar el cabello y el cuero cabelludo. Puedes elegir entre sesiones individuales o en d\u00fao, ideales para compartir un momento especial, como padre e hijo en el D\u00eda del Padre. Un detalle original, personalizable y perfecto para [&hellip;]","og_url":"https:\/\/munika.es\/index.php\/producto\/tarjeta-regalo-dia-del-padre\/","og_site_name":"Munika","article_publisher":"https:\/\/www.instagram.com\/munika.tarragona\/","article_modified_time":"2026-04-15T18:48:55+00:00","og_image":[{"width":1179,"height":1761,"url":"https:\/\/munika.es\/wp-content\/uploads\/2026\/04\/17cc1a7b-5470-4103-a52c-a05cff900791.jpeg","type":"image\/jpeg"}],"twitter_card":"summary_large_image","schema":{"@context":"https:\/\/schema.org","@graph":[{"@type":"WebPage","@id":"https:\/\/munika.es\/index.php\/producto\/tarjeta-regalo-dia-del-padre\/","url":"https:\/\/munika.es\/index.php\/producto\/tarjeta-regalo-dia-del-padre\/","name":"Tarjeta regalo D\u00eda del padre - Munika","isPartOf":{"@id":"https:\/\/munika.es\/#website"},"primaryImageOfPage":{"@id":"https:\/\/munika.es\/index.php\/producto\/tarjeta-regalo-dia-del-padre\/#primaryimage"},"image":{"@id":"https:\/\/munika.es\/index.php\/producto\/tarjeta-regalo-dia-del-padre\/#primaryimage"},"thumbnailUrl":"https:\/\/munika.es\/wp-content\/uploads\/2026\/04\/17cc1a7b-5470-4103-a52c-a05cff900791.jpeg","datePublished":"2026-04-15T18:37:37+00:00","dateModified":"2026-04-15T18:48:55+00:00","breadcrumb":{"@id":"https:\/\/munika.es\/index.php\/producto\/tarjeta-regalo-dia-del-padre\/#breadcrumb"},"inLanguage":"es","potentialAction":[{"@type":"ReadAction","target":["https:\/\/munika.es\/index.php\/producto\/tarjeta-regalo-dia-del-padre\/"]}]},{"@type":"ImageObject","inLanguage":"es","@id":"https:\/\/munika.es\/index.php\/producto\/tarjeta-regalo-dia-del-padre\/#primaryimage","url":"https:\/\/munika.es\/wp-content\/uploads\/2026\/04\/17cc1a7b-5470-4103-a52c-a05cff900791.jpeg","contentUrl":"https:\/\/munika.es\/wp-content\/uploads\/2026\/04\/17cc1a7b-5470-4103-a52c-a05cff900791.jpeg","width":1179,"height":1761},{"@type":"BreadcrumbList","@id":"https:\/\/munika.es\/index.php\/producto\/tarjeta-regalo-dia-del-padre\/#breadcrumb","itemListElement":[{"@type":"ListItem","position":1,"name":"Portada","item":"https:\/\/munika.es\/"},{"@type":"ListItem","position":2,"name":"Tienda","item":"https:\/\/munika.es\/index.php\/tienda-2\/"},{"@type":"ListItem","position":3,"name":"Tarjeta regalo D\u00eda del padre"}]},{"@type":"WebSite","@id":"https:\/\/munika.es\/#website","url":"https:\/\/munika.es\/","name":"Munika","description":"","publisher":{"@id":"https:\/\/munika.es\/#organization"},"potentialAction":[{"@type":"SearchAction","target":{"@type":"EntryPoint","urlTemplate":"https:\/\/munika.es\/?s={search_term_string}"},"query-input":{"@type":"PropertyValueSpecification","valueRequired":true,"valueName":"search_term_string"}}],"inLanguage":"es"},{"@type":"Organization","@id":"https:\/\/munika.es\/#organization","name":"Munika","url":"https:\/\/munika.es\/","logo":{"@type":"ImageObject","inLanguage":"es","@id":"https:\/\/munika.es\/#\/schema\/logo\/image\/","url":"https:\/\/munika.es\/wp-content\/uploads\/2023\/11\/IMG_3229.png","contentUrl":"https:\/\/munika.es\/wp-content\/uploads\/2023\/11\/IMG_3229.png","width":3500,"height":1849,"caption":"Munika"},"image":{"@id":"https:\/\/munika.es\/#\/schema\/logo\/image\/"},"sameAs":["https:\/\/www.instagram.com\/munika.tarragona\/","https:\/\/www.tiktok.com\/@munika.tgn"]}]}},"jetpack_sharing_enabled":true,"_links":{"self":[{"href":"https:\/\/munika.es\/index.php\/wp-json\/wp\/v2\/product\/4441","targetHints":{"allow":["GET"]}}],"collection":[{"href":"https:\/\/munika.es\/index.php\/wp-json\/wp\/v2\/product"}],"about":[{"href":"https:\/\/munika.es\/index.php\/wp-json\/wp\/v2\/types\/product"}],"replies":[{"embeddable":true,"href":"https:\/\/munika.es\/index.php\/wp-json\/wp\/v2\/comments?post=4441"}],"version-history":[{"count":1,"href":"https:\/\/munika.es\/index.php\/wp-json\/wp\/v2\/product\/4441\/revisions"}],"predecessor-version":[{"id":4465,"href":"https:\/\/munika.es\/index.php\/wp-json\/wp\/v2\/product\/4441\/revisions\/4465"}],"wp:featuredmedia":[{"embeddable":true,"href":"https:\/\/munika.es\/index.php\/wp-json\/wp\/v2\/media\/4450"}],"wp:attachment":[{"href":"https:\/\/munika.es\/index.php\/wp-json\/wp\/v2\/media?parent=4441"}],"wp:term":[{"taxonomy":"product_cat","embeddable":true,"href":"https:\/\/munika.es\/index.php\/wp-json\/wp\/v2\/product_cat?post=4441"},{"taxonomy":"product_tag","embeddable":true,"href":"https:\/\/munika.es\/index.php\/wp-json\/wp\/v2\/product_tag?post=4441"}],"curies":[{"name":"wp","href":"https:\/\/api.w.org\/{rel}","templated":true}]}}